{"id":1469,"date":"2018-07-24T09:41:57","date_gmt":"2018-07-24T09:41:57","guid":{"rendered":"http:\/\/wp.jm-gailingen.de\/?page_id=1469"},"modified":"2024-08-29T13:19:35","modified_gmt":"2024-08-29T13:19:35","slug":"verein","status":"publish","type":"page","link":"https:\/\/www.jm-gailingen.de\/?page_id=1469","title":{"rendered":"Verein"},"content":{"rendered":"<div class=\"fusion-fullwidth fullwidth-box fusion-builder-row-1 nonhundred-percent-fullwidth non-hundred-percent-height-scrolling\" style=\"--awb-border-radius-top-left:0px;--awb-border-radius-top-right:0px;--awb-border-radius-bottom-right:0px;--awb-border-radius-bottom-left:0px;--awb-padding-right:15%;--awb-padding-left:15%;--awb-flex-wrap:wrap;\" ><div class=\"fusion-builder-row fusion-row\"><div class=\"fusion-layout-column fusion_builder_column fusion-builder-column-0 fusion_builder_column_1_1 1_1 fusion-one-full fusion-column-first fusion-column-last\" style=\"--awb-bg-size:cover;\"><div class=\"fusion-column-wrapper fusion-flex-column-wrapper-legacy\"><div class=\"fusion-text fusion-text-1\"><h3 class=\"csc-firstHeader\" data-fontsize=\"26\" data-lineheight=\"42\">Der Verein f\u00fcr j\u00fcdische Geschichte Gailingen e.V.<\/h3>\n<\/div><div class=\"fusion-text fusion-text-2\"><p class=\"bodytext\">Der Verein f\u00fcr j\u00fcdische Geschichte Gailingen wurde im April 1997 durch die Initiative engagierter B\u00fcrger und der politischen Gemeinde Gailingen zun\u00e4chst als \u201eF\u00f6rderverein B\u00fcrgerhaus Gailingen\u201c gegr\u00fcndet. Prim\u00e4re Aufgabe war es, Mittel zur Sanierung des ehemaligen j\u00fcdischen Schul- und Gemeindehauses, des heutigen B\u00fcrgerhauses, durch Spenden und die \u00f6ffentliche Hand aufzubringen. Gesetztes Ziel war jedoch die Einrichtung eines Dokumentationszentrums zur j\u00fcdischen Geschichte und Kultur an Bodensee und Hochrhein u.a. durch den Aufbau einer Sammlung und die Einrichtung einer Dauerausstellung.<\/p>\n<p class=\"bodytext\">Dem Verein geh\u00f6ren \u00fcber 130 Mitglieder aus Gailingen, der Region, der Schweiz und \u00dcbersee an.<\/p>\n<p class=\"bodytext\">Die Sanierung des B\u00fcrgerhauses wurde 1998 erfolgreich abgeschlossen. Seit der Gr\u00fcndung wurden vielf\u00e4ltige Veranstaltungen durchgef\u00fchrt. Vortr\u00e4ge und Lesungen zu den verschiedensten Themen des j\u00fcdischen Lebens, des interreligi\u00f6sen Dialogs, aber auch pers\u00f6nliche Biographien. Kunst und Kultur von der Malerei und Literatur \u00fcber Tanz und Gesang bis hin zum Kabarett bildeten ebenso einen Schwerpunkt, wie Vortr\u00e4ge zu Themen wie Holocaust, Zivilcourage u.a.m. Besondere Erw\u00e4hnung verdienen hierbei eine Werkausstellung zur j\u00fcdischen Geschichte Gailingens und der umliegenden Gemeinden Randegg, Wangen und Worblingen, die Fotodokumentation von H\u00e4usern ehemaliger j\u00fcdischer Eigent\u00fcmer und die Zeitzeugengespr\u00e4che mit einstigen j\u00fcdischen Mitb\u00fcrgern.<\/p>\n<p class=\"bodytext\">2008 wurde mit der Einrichtung eines j\u00fcdischen Museums begonnen. Zur 70. Wiederkehr der Pogromnacht im November 2008 wurde der erste Museumsraum \u201eDie Gailinger Synagoge\u201c festlich er\u00f6ffnet. Weitere R\u00e4ume folgten. Heute ist das Museum mit sieben Themenr\u00e4umen und einem Medienraum fertig gestellt.<\/p>\n<p class=\"bodytext\">Museum und Verein genie\u00dfen ein erfreuliches \u00d6ffentlichkeitsinteresse. Dabei spielt auch die Arbeit mit Sch\u00fclern und Jugendlichen eine wichtige Rolle. Schulklassen und kirchliche Gruppen aus Gailingen, der Region und der Schweiz nehmen das Betreuungsangebot mit gro\u00dfem Interesse wahr.<\/p>\n<p class=\"bodytext\">Der Verein verf\u00fcgt \u00fcber ein beachtliches Archiv mit vielen Originaldokumenten des j\u00fcdischen Lebens in Gailingen und der anderen j\u00fcdischen Gemeinden im Hegau, aber auch Judaica sowie eine sehr gut ausgestattete Bibliothek. Diese Quellen nutzen u.a. Sch\u00fcler, Studenten aber auch Historiker f\u00fcr schulische und anderweitige Arbeiten. Das Archiv und die Bibliothek erweitern sich laufend durch Gaben und Nachl\u00e4sse von ehemaligen j\u00fcdischen Mitb\u00fcrgern Gailingens bzw. deren Nachfahren.<\/p>\n<p class=\"bodytext\">Es besteht ferner eine genealogische Datenbank mit mittlerweile \u00fcber 50.000 Datens\u00e4tzen \u00fcber j\u00fcdische Menschen, die einstmals in den j\u00fcdischen Gemeinden Gailingen, Randegg, Wangen und Worblingen gelebt haben, sowie deren Nachfahren rund um den Erdball.<\/p>\n<p class=\"bodytext\">Im November 1999 wurde dem Verein ein Anerkennungspreis durch den Kulturf\u00f6rderkreis Singen e.V. verliehen. Beim Landeswettbewerb zur Auszeichnung kommunaler B\u00fcrgeraktionen 2007 erhielt der Verein f\u00fcr j\u00fcdische Geschichte Gailingen e. V. durch Ministerpr\u00e4sident Oettinger eine Anerkennung f\u00fcr vorbildliche Leistungen.<\/p>\n<p class=\"bodytext\">Der Verein bew\u00e4ltigt seine Aufgaben durch pers\u00f6nliches Engagement sowie ehrenamtliche T\u00e4tigkeit und finanziert sich ausschlie\u00dflich durch Mitgliedsbeitr\u00e4ge und Spenden.<\/p>\n<\/div><div class=\"awb-gallery-wrapper awb-gallery-wrapper-1 button-span-no\" style=\"--more-btn-alignment:center;\"><div style=\"margin:-5px;--awb-bordersize:0px;\" class=\"fusion-gallery fusion-gallery-container fusion-grid-1 fusion-columns-total-1 fusion-gallery-layout-grid fusion-gallery-1\"><div style=\"padding:5px;\" class=\"fusion-grid-column fusion-gallery-column fusion-gallery-column-1 hover-type-none\"><div class=\"fusion-gallery-image\"><a href=\"https:\/\/www.jm-gailingen.de\/wp-content\/uploads\/2022\/10\/Vorstand_JM-Gailingen.jpg\" rel=\"noreferrer\" data-rel=\"iLightbox[gallery_image_1]\" class=\"fusion-lightbox\" target=\"_self\"><img decoding=\"async\" src=\"https:\/\/www.jm-gailingen.de\/wp-content\/uploads\/2022\/10\/Vorstand_JM-Gailingen.jpg\" width=\"1000\" height=\"795\" alt=\"\" title=\"Vorstand_JM-Gailingen\" aria-label=\"Vorstand_JM-Gailingen\" class=\"img-responsive wp-image-2094\" srcset=\"https:\/\/www.jm-gailingen.de\/wp-content\/uploads\/2022\/10\/Vorstand_JM-Gailingen-200x159.jpg 200w, https:\/\/www.jm-gailingen.de\/wp-content\/uploads\/2022\/10\/Vorstand_JM-Gailingen-400x318.jpg 400w, https:\/\/www.jm-gailingen.de\/wp-content\/uploads\/2022\/10\/Vorstand_JM-Gailingen-600x477.jpg 600w, https:\/\/www.jm-gailingen.de\/wp-content\/uploads\/2022\/10\/Vorstand_JM-Gailingen-800x636.jpg 800w, https:\/\/www.jm-gailingen.de\/wp-content\/uploads\/2022\/10\/Vorstand_JM-Gailingen.jpg 1000w\" sizes=\"(min-width: 2200px) 100vw, (min-width: 240px) 1000px, \" \/><\/a><\/div><\/div><div class=\"clearfix\"><\/div><\/div><\/div><div class=\"fusion-text fusion-text-3\" style=\"--awb-margin-top:40px;\"><p><strong>Unser Vorstand<br \/>\n<\/strong><\/p>\n<p>Hinten links nach rechts: Dr. Carmen Scheide, J\u00fcrgen Stille, Alain Gut.<br \/>\nVorne links nach rechts: Heinz Brennenstuhl (Vorsitzender), Joachim Klose (Schriftf\u00fchrer), Dr. Thomas Auer (Stellvertretender Vorsitzender).<br \/>\nEs fehlt: Dieter Rihm (Schatzmeister)<\/p>\n<\/div><div class=\"fusion-text fusion-text-4\"><p><strong>eXtra-Museumspreis 2018 f\u00fcr das J\u00fcdische Museum Gailingen<\/strong><\/p>\n<p>Seit vielen Jahren tr\u00e4gt Lotto Baden-W\u00fcrttemberg \u00fcber den Wettmittelfonds\u00a0 des Landes dazu bei, das kulturelle Engagement und die Museumslandschaft zu unterst\u00fctzen. In diesem Rahmen verleiht Lotto Baden-W\u00fcrttemberg in Kooperation mit dem Museumsverband Baden-W\u00fcrttemberg\u00a0 seit\u00a0 2015 \u00a0den mit \u20ac 20.000 dotierten Lotto-Museumspreis und den mit \u20ac 5.000 dotierten eXtra-Preis f\u00fcr au\u00dfergew\u00f6hnliche Leistungen in einem ausgew\u00e4hlten Bereich.<\/p>\n<p>2018 wurde das J\u00fcdische Museum Gailingen mit dem eXtra-Preis ausgezeichnet. Die Jury lobte, dass das Museum der Beweis daf\u00fcr sei, \u201edass auch kleine Museen mit viel ehrenamtlichen Engagement und Herzblut Museumsarbeit auf h\u00f6chstem Niveau leisten k\u00f6nnen.\u00a0 Die Museumsmacher w\u00fcrden den Blick stets \u00fcber ihre eigene Ortsgeschichte hinaus richten und wertvolle Netzwerkarbeit leisten. ( \u2026 ) Dies alles habe dazu beigetragen, dass die Einrichtung ein Bezugsort f\u00fcr die Nachfahren der in der NS-Zeit ermordeten j\u00fcdischen Familien aus der Region geworden sei\u201c.<\/p>\n<\/div><div class=\"awb-gallery-wrapper awb-gallery-wrapper-2 button-span-no\"><div style=\"margin:-5px;--awb-bordersize:0px;\" class=\"fusion-gallery fusion-gallery-container fusion-grid-2 fusion-columns-total-2 fusion-gallery-layout-grid fusion-gallery-2\"><div style=\"padding:5px;\" class=\"fusion-grid-column fusion-gallery-column fusion-gallery-column-2 hover-type-none\"><div class=\"fusion-gallery-image\"><a href=\"https:\/\/www.jm-gailingen.de\/wp-content\/uploads\/2018\/11\/Preisverleihung_2018.jpg\" rel=\"noreferrer\" data-rel=\"iLightbox[gallery_image_2]\" class=\"fusion-lightbox\" target=\"_self\"><img decoding=\"async\" src=\"https:\/\/www.jm-gailingen.de\/wp-content\/uploads\/2018\/11\/Preisverleihung_2018.jpg\" width=\"1320\" height=\"880\" alt=\"\" title=\"Preisverleihung_2018\" aria-label=\"Preisverleihung_2018\" class=\"img-responsive wp-image-1676\" srcset=\"https:\/\/www.jm-gailingen.de\/wp-content\/uploads\/2018\/11\/Preisverleihung_2018-200x133.jpg 200w, https:\/\/www.jm-gailingen.de\/wp-content\/uploads\/2018\/11\/Preisverleihung_2018-400x267.jpg 400w, https:\/\/www.jm-gailingen.de\/wp-content\/uploads\/2018\/11\/Preisverleihung_2018-600x400.jpg 600w, https:\/\/www.jm-gailingen.de\/wp-content\/uploads\/2018\/11\/Preisverleihung_2018-800x533.jpg 800w, https:\/\/www.jm-gailingen.de\/wp-content\/uploads\/2018\/11\/Preisverleihung_2018-1200x800.jpg 1200w, https:\/\/www.jm-gailingen.de\/wp-content\/uploads\/2018\/11\/Preisverleihung_2018.jpg 1320w\" sizes=\"(min-width: 2200px) 100vw, (min-width: 312px) 384px, (min-width: 240px) 312px, \" \/><\/a><\/div><\/div><div class=\"clearfix\"><\/div><div style=\"padding:5px;\" class=\"fusion-grid-column fusion-gallery-column fusion-gallery-column-2 hover-type-none\"><div class=\"fusion-gallery-image\"><a href=\"https:\/\/www.jm-gailingen.de\/wp-content\/uploads\/2018\/11\/Preis.jpg\" rel=\"noreferrer\" data-rel=\"iLightbox[gallery_image_2]\" class=\"fusion-lightbox\" target=\"_self\"><img decoding=\"async\" src=\"https:\/\/www.jm-gailingen.de\/wp-content\/uploads\/2018\/11\/Preis.jpg\" width=\"1155\" height=\"770\" alt=\"\" title=\"Preis\" aria-label=\"Preis\" class=\"img-responsive wp-image-1675\" srcset=\"https:\/\/www.jm-gailingen.de\/wp-content\/uploads\/2018\/11\/Preis-200x133.jpg 200w, https:\/\/www.jm-gailingen.de\/wp-content\/uploads\/2018\/11\/Preis-400x267.jpg 400w, https:\/\/www.jm-gailingen.de\/wp-content\/uploads\/2018\/11\/Preis-600x400.jpg 600w, https:\/\/www.jm-gailingen.de\/wp-content\/uploads\/2018\/11\/Preis-800x533.jpg 800w, https:\/\/www.jm-gailingen.de\/wp-content\/uploads\/2018\/11\/Preis.jpg 1155w\" sizes=\"(min-width: 2200px) 100vw, (min-width: 312px) 384px, (min-width: 240px) 312px, \" \/><\/a><\/div><\/div><\/div><\/div><div class=\"fusion-sep-clear\"><\/div><div class=\"fusion-separator fusion-full-width-sep\" style=\"margin-left: auto;margin-right: auto;margin-top:20px;margin-bottom:20px;width:100%;\"><\/div><div class=\"fusion-sep-clear\"><\/div><div class=\"fusion-content-boxes content-boxes columns row fusion-columns-1 fusion-columns-total-1 fusion-content-boxes-1 content-boxes-icon-with-title content-left\" style=\"--awb-backgroundcolor:#ffffff;--awb-body-color:#ffffff;--awb-title-color:#ffeb3b;--awb-hover-accent-color:#ffeb3b;--awb-circle-hover-accent-color:#ffeb3b;--awb-item-margin-bottom:40px;\" data-animationOffset=\"top-into-view\"><div style=\"--awb-backgroundcolor:#747474;\" class=\"fusion-column content-box-column content-box-column content-box-column-1 col-lg-12 col-md-12 col-sm-12 fusion-content-box-hover content-box-column-last content-box-column-last-in-row\"><div class=\"col content-box-wrapper content-wrapper-background link-area-link-icon icon-hover-animation-fade fusion-animated\" data-animationType=\"slideInLeft\" data-animationDuration=\"0.3\" data-animationOffset=\"top-into-view\"><div class=\"heading icon-left\"><h2 class=\"content-box-heading fusion-responsive-typography-calculated\" style=\"--h2_typography-font-size:20px;--fontSize:20;line-height:1.29;\">Der Verein freut sich \u00fcber jede Unterst\u00fctzung seiner Arbeit<\/h2><\/div><div class=\"fusion-clearfix\"><\/div><div class=\"content-container\">\n<p class=\"bodytext\">Sparkasse Engen-Gottmadingen<br \/>\nIBAN: DE32692514450008075350<b><br \/>\n<\/b>SWIFT-BIC: SOLADE51ENG<\/p>\n<p class=\"bodytext\"><a class=\"download\" title=\"Initiates file download\" href=\"http:\/\/wp.jm-gailingen.de\/wp-content\/uploads\/2024\/08\/Beitrittserklaerung-SEPA-Mandat.pdf\" target=\"_blank\" rel=\"noopener noreferrer\">Hier finden Sie auch ein Beitrittsformular<\/a> sowie<a href=\"http:\/\/wp.jm-gailingen.de\/wp-content\/uploads\/2019\/07\/Satzung-VjGG-Stand-27-Mai-2019.pdf\" target=\"_blank\" rel=\"noopener noreferrer\">\u00a0die aktuelle Satzung <\/a>nach dem Stand vom\u00a0 27.05.2019<\/p>\n<\/div><\/div><\/div><div class=\"fusion-clearfix\"><\/div><\/div><div class=\"fusion-content-boxes content-boxes columns row fusion-columns-1 fusion-columns-total-1 fusion-content-boxes-2 content-boxes-icon-with-title content-left\" style=\"--awb-backgroundcolor:#ffffff;--awb-body-color:#ffffff;--awb-title-color:#ffeb3b;--awb-hover-accent-color:#ffeb3b;--awb-circle-hover-accent-color:#ffeb3b;--awb-item-margin-bottom:40px;\" data-animationOffset=\"top-into-view\"><div style=\"--awb-backgroundcolor:#747474;\" class=\"fusion-column content-box-column content-box-column content-box-column-1 col-lg-12 col-md-12 col-sm-12 fusion-content-box-hover content-box-column-last content-box-column-last-in-row\"><div class=\"col content-box-wrapper content-wrapper-background link-area-link-icon icon-hover-animation-fade fusion-animated\" data-animationType=\"slideInLeft\" data-animationDuration=\"0.3\" data-animationOffset=\"top-into-view\"><div class=\"heading icon-left\"><h2 class=\"content-box-heading fusion-responsive-typography-calculated\" style=\"--h2_typography-font-size:20px;--fontSize:20;line-height:1.29;\">Kontakt<\/h2><\/div><div class=\"fusion-clearfix\"><\/div><div class=\"content-container\">\n<p class=\"bodytext\"><b>J\u00fcdisches Museum Gailingen<br \/>\n<\/b>Ramsener Stra\u00dfe 12<br \/>\nD-78262 Gailingen am Hochrhein<\/p>\n<p class=\"bodytext\"><b>Telefon<\/b><br \/>\n+49 (0) 7734-934226<\/p>\n<p class=\"bodytext\"><b>E-Mail<\/b><br \/>\n<a class=\"mail\" title=\"Opens window for sending email\" href=\"mailto:info@jm-gailingen.de\">info@jm-gailingen.de<\/a><\/p>\n<\/div><\/div><\/div><div class=\"fusion-clearfix\"><\/div><\/div><div class=\"fusion-clearfix\"><\/div><\/div><\/div><\/div><\/div>\n","protected":false},"excerpt":{"rendered":"","protected":false},"author":1,"featured_media":0,"parent":0,"menu_order":0,"comment_status":"closed","ping_status":"closed","template":"","meta":{"footnotes":""},"class_list":["post-1469","page","type-page","status-publish","hentry"],"_links":{"self":[{"href":"https:\/\/www.jm-gailingen.de\/index.php?rest_route=\/wp\/v2\/pages\/1469","targetHints":{"allow":["GET"]}}],"collection":[{"href":"https:\/\/www.jm-gailingen.de\/index.php?rest_route=\/wp\/v2\/pages"}],"about":[{"href":"https:\/\/www.jm-gailingen.de\/index.php?rest_route=\/wp\/v2\/types\/page"}],"author":[{"embeddable":true,"href":"https:\/\/www.jm-gailingen.de\/index.php?rest_route=\/wp\/v2\/users\/1"}],"replies":[{"embeddable":true,"href":"https:\/\/www.jm-gailingen.de\/index.php?rest_route=%2Fwp%2Fv2%2Fcomments&post=1469"}],"version-history":[{"count":19,"href":"https:\/\/www.jm-gailingen.de\/index.php?rest_route=\/wp\/v2\/pages\/1469\/revisions"}],"predecessor-version":[{"id":2389,"href":"https:\/\/www.jm-gailingen.de\/index.php?rest_route=\/wp\/v2\/pages\/1469\/revisions\/2389"}],"wp:attachment":[{"href":"https:\/\/www.jm-gailingen.de\/index.php?rest_route=%2Fwp%2Fv2%2Fmedia&parent=1469"}],"curies":[{"name":"wp","href":"https:\/\/api.w.org\/{rel}","templated":true}]}}