{"id":1884,"date":"2020-09-17T10:00:11","date_gmt":"2020-09-17T10:00:11","guid":{"rendered":"http:\/\/www.jm-gailingen.de\/?page_id=1884"},"modified":"2020-09-17T10:00:45","modified_gmt":"2020-09-17T10:00:45","slug":"wissenschaftlichen-beirat","status":"publish","type":"page","link":"https:\/\/www.jm-gailingen.de\/?page_id=1884","title":{"rendered":"Wissenschaftlicher Beirat"},"content":{"rendered":"<div class=\"fusion-fullwidth fullwidth-box fusion-builder-row-1 nonhundred-percent-fullwidth non-hundred-percent-height-scrolling\" style=\"--awb-border-radius-top-left:0px;--awb-border-radius-top-right:0px;--awb-border-radius-bottom-right:0px;--awb-border-radius-bottom-left:0px;--awb-padding-right:15%;--awb-padding-left:15%;--awb-flex-wrap:wrap;\" ><div class=\"fusion-builder-row fusion-row\"><div class=\"fusion-layout-column fusion_builder_column fusion-builder-column-0 fusion_builder_column_1_1 1_1 fusion-one-full fusion-column-first fusion-column-last\" style=\"--awb-bg-size:cover;\"><div class=\"fusion-column-wrapper fusion-flex-column-wrapper-legacy\"><div class=\"fusion-text fusion-text-1\"><h3 class=\"csc-firstHeader\" data-fontsize=\"26\" data-lineheight=\"42\">Wissenschaftlicher Beirat<\/h3>\n<\/div><div class=\"fusion-text fusion-text-2\"><ul>\n<li><strong>Dr. habil. Carmen Scheide<\/strong><br \/>\nDozentin f\u00fcr die Geschichte Osteuropas am Historischen Institut der Universit\u00e4t Bern<\/li>\n<li><strong>Prof. Dr. Ren\u00e9 Bloch<\/strong><br \/>\nOrdentlicher Professor f\u00fcr Judaistik am Institut f\u00fcr Judaistik\u00a0 und am Institut f\u00fcr Klassische Philologie der Universit\u00e4t Bern<\/li>\n<li><strong>Prof. Dr. phil. Erik Petry<\/strong><br \/>\nWissenschaftlicher Mitarbeiter und Stellvertretender Leiter des Zentrums f\u00fcr J\u00fcdische Studien der Universit\u00e4t Basel<\/li>\n<li><strong>Dr. Friedemann Scheck<\/strong><br \/>\nKreisarchivar Landkreis Konstanz<\/li>\n<\/ul>\n<\/div><div class=\"fusion-clearfix\"><\/div><\/div><\/div><\/div><\/div>\n","protected":false},"excerpt":{"rendered":"","protected":false},"author":1,"featured_media":0,"parent":0,"menu_order":0,"comment_status":"closed","ping_status":"closed","template":"","meta":{"footnotes":""},"class_list":["post-1884","page","type-page","status-publish","hentry"],"_links":{"self":[{"href":"https:\/\/www.jm-gailingen.de\/index.php?rest_route=\/wp\/v2\/pages\/1884","targetHints":{"allow":["GET"]}}],"collection":[{"href":"https:\/\/www.jm-gailingen.de\/index.php?rest_route=\/wp\/v2\/pages"}],"about":[{"href":"https:\/\/www.jm-gailingen.de\/index.php?rest_route=\/wp\/v2\/types\/page"}],"author":[{"embeddable":true,"href":"https:\/\/www.jm-gailingen.de\/index.php?rest_route=\/wp\/v2\/users\/1"}],"replies":[{"embeddable":true,"href":"https:\/\/www.jm-gailingen.de\/index.php?rest_route=%2Fwp%2Fv2%2Fcomments&post=1884"}],"version-history":[{"count":2,"href":"https:\/\/www.jm-gailingen.de\/index.php?rest_route=\/wp\/v2\/pages\/1884\/revisions"}],"predecessor-version":[{"id":1886,"href":"https:\/\/www.jm-gailingen.de\/index.php?rest_route=\/wp\/v2\/pages\/1884\/revisions\/1886"}],"wp:attachment":[{"href":"https:\/\/www.jm-gailingen.de\/index.php?rest_route=%2Fwp%2Fv2%2Fmedia&parent=1884"}],"curies":[{"name":"wp","href":"https:\/\/api.w.org\/{rel}","templated":true}]}}