{"id":2238,"date":"2024-03-18T15:11:10","date_gmt":"2024-03-18T15:11:10","guid":{"rendered":"http:\/\/www.jm-gailingen.de\/?page_id=2238"},"modified":"2026-02-10T15:14:47","modified_gmt":"2026-02-10T15:14:47","slug":"fuehrungen","status":"publish","type":"page","link":"https:\/\/www.jm-gailingen.de\/?page_id=2238","title":{"rendered":"F\u00fchrungen"},"content":{"rendered":"<div class=\"fusion-fullwidth fullwidth-box fusion-builder-row-1 nonhundred-percent-fullwidth non-hundred-percent-height-scrolling\" style=\"--awb-border-radius-top-left:0px;--awb-border-radius-top-right:0px;--awb-border-radius-bottom-right:0px;--awb-border-radius-bottom-left:0px;--awb-padding-right:15%;--awb-padding-left:15%;--awb-flex-wrap:wrap;\" ><div class=\"fusion-builder-row fusion-row\"><div class=\"fusion-layout-column fusion_builder_column fusion-builder-column-0 fusion_builder_column_1_1 1_1 fusion-one-full fusion-column-first fusion-column-last\" style=\"--awb-bg-size:cover;\"><div class=\"fusion-column-wrapper fusion-flex-column-wrapper-legacy\"><div class=\"fusion-menu-anchor\" id=\"oeffentlich\"><\/div><div class=\"fusion-text fusion-text-1\"><h3 class=\"csc-firstHeader\" data-fontsize=\"26\" data-lineheight=\"42\">\u00d6ffentliche F\u00fchrungen<\/h3>\n<\/div><div class=\"fusion-text fusion-text-2\"><p>\u00d6ffentliche F\u00fchrungen mit verschiedenen thematischen Schwerpunkten sind regelm\u00e4\u00dfiger Bestandteil unseres Veranstaltungsprogramms.<\/p>\n<\/div><div class=\"fusion-align-block\"><a class=\"fusion-button button-flat fusion-button-default-size button-default fusion-button-default button-1 fusion-button-default-span fusion-button-default-type\" style=\"width:calc(100%);\" target=\"_self\" href=\"https:\/\/www.jm-gailingen.de\/?page_id=1460\"><span class=\"fusion-button-text\">\u00d6ffentliche F\u00fchrungen<\/span><\/a><\/div><div class=\"fusion-sep-clear\"><\/div><div class=\"fusion-separator fusion-full-width-sep\" style=\"margin-left: auto;margin-right: auto;margin-top:20px;margin-bottom:20px;width:100%;\"><\/div><div class=\"fusion-sep-clear\"><\/div><div class=\"fusion-menu-anchor\" id=\"individuell\"><\/div><div class=\"fusion-text fusion-text-3\"><h3 class=\"csc-firstHeader\" data-fontsize=\"26\" data-lineheight=\"42\">Individuelle Gruppenf\u00fchrungen<\/h3>\n<\/div><div class=\"fusion-text fusion-text-4\"><p>Die Besichtigungsangebote <em>Museum<\/em> mit \u00dcberblicks- und Themenf\u00fchrungen, <em>Ortsf\u00fchrung<\/em> durch das j\u00fcdische Gailingen, <em>J\u00fcdischer Friedhof<\/em> sind beliebig miteinander kombinierbar und k\u00f6nnen nach Absprache auch au\u00dferhalb der \u00d6ffnungszeiten des Museums gebucht werden.<br \/>\nDie Kosten richten sich nach thematischer Ausrichtung und der gebuchten Gesamtdauer.<\/p>\n<p>Bitte beachten Sie, dass unsere Ausstellungsr\u00e4ume f\u00fcr gro\u00dfe Gruppen \u00fcber 20 Personen nicht geeignet sind.<\/p>\n<p>F\u00fcr gro\u00dfe Besuchergruppen bieten wir alternativ einen Einf\u00fchrungsvortrag zur Dauerausstellung im Vortragssaal des Museums an. Sie erhalten eine virtuelle F\u00fchrung durch die Museumsr\u00e4ume und Informationen zur regionalen j\u00fcdischen Geschichte (ca. 50 Minuten). Zur Buchung des Vortrages und Kostenabsprache setzen Sie sich bitte direkt mit dem Museum in Verbindung.<\/p>\n<\/div><div class=\"fusion-sep-clear\"><\/div><div class=\"fusion-separator fusion-full-width-sep\" style=\"margin-left: auto;margin-right: auto;margin-top:20px;margin-bottom:20px;width:100%;\"><\/div><div class=\"fusion-sep-clear\"><\/div><div class=\"fusion-menu-anchor\" id=\"schulklassen\"><\/div><div class=\"fusion-text fusion-text-5\"><h3 class=\"csc-firstHeader\" data-fontsize=\"26\" data-lineheight=\"42\">F\u00fchrungen f\u00fcr Schulklassen<\/h3>\n<\/div><div class=\"fusion-text fusion-text-6\"><p>Besichtigungsangebote f\u00fcr Schulklassen sind kostenlos. Themenf\u00fchrungen mit den Schwerpunkten <em>Religi\u00f6se Praxis<\/em> <em>und<\/em> <em>Alltagskultur<\/em> oder <em>Gailingen 1933\u20131940<\/em> k\u00f6nnen nach inhaltlicher Absprache gebucht werden.<\/p>\n<\/div><div class=\"fusion-content-boxes content-boxes columns row fusion-columns-1 fusion-columns-total-1 fusion-content-boxes-1 content-boxes-icon-with-title content-left\" style=\"--awb-backgroundcolor:#ffffff;--awb-body-color:#ffffff;--awb-title-color:#ffeb3b;--awb-hover-accent-color:#ffeb3b;--awb-circle-hover-accent-color:#ffeb3b;--awb-item-margin-bottom:40px;\" data-animationOffset=\"top-into-view\"><div style=\"--awb-backgroundcolor:#747474;\" class=\"fusion-column content-box-column content-box-column content-box-column-1 col-lg-12 col-md-12 col-sm-12 fusion-content-box-hover content-box-column-last content-box-column-last-in-row\"><div class=\"col content-box-wrapper content-wrapper-background link-area-link-icon icon-hover-animation-fade fusion-animated\" data-animationType=\"slideInLeft\" data-animationDuration=\"0.3\" data-animationOffset=\"top-into-view\"><div class=\"heading icon-left\"><h2 class=\"content-box-heading fusion-responsive-typography-calculated\" style=\"--h2_typography-font-size:20px;--fontSize:20;line-height:1.29;\">Anmeldung\/Buchung<\/h2><\/div><div class=\"fusion-clearfix\"><\/div><div class=\"content-container\">\n<p class=\"bodytext\"><b>J\u00fcdisches Museum Gailingen<br \/>\n<\/b>Verein f\u00fcr j\u00fcdische Geschichte Gailingen e.V.<br \/>\nRamsener Stra\u00dfe 12<br \/>\n78262 Gailingen am Hochrhein<\/p>\n<p class=\"bodytext\"><b>Telefon<\/b><br \/>\n+49 (0) 7734-934226<\/p>\n<p class=\"bodytext\"><b>E-Mail<\/b><br \/>\n<a class=\"mail\" title=\"Opens window for sending email\" href=\"mailto:info@jm-gailingen.de\">info@jm-gailingen.de<\/a><\/p>\n<\/div><\/div><\/div><div class=\"fusion-clearfix\"><\/div><\/div><div class=\"fusion-menu-anchor\" id=\"themen\"><\/div><div class=\"fusion-text fusion-text-7\"><h3 class=\"csc-firstHeader\" data-fontsize=\"26\" data-lineheight=\"42\">F\u00fchrungen im Museum<\/h3>\n<\/div><div class=\"accordian fusion-accordian\" style=\"--awb-border-size:1px;--awb-icon-size:13px;--awb-content-font-size:15px;--awb-icon-alignment:left;--awb-hover-color:#f9f9f9;--awb-border-color:#cccccc;--awb-background-color:#ffffff;--awb-divider-color:#e0dede;--awb-divider-hover-color:#e0dede;--awb-icon-color:#ffffff;--awb-title-color:#bcbcbc;--awb-content-color:#424242;--awb-icon-box-color:#333333;--awb-toggle-hover-accent-color:#3f7ccd;--awb-title-font-family:&quot;Open Sans&quot;;--awb-title-font-weight:300;--awb-title-font-style:normal;--awb-title-font-size:18px;--awb-content-font-family:&quot;Open Sans&quot;;--awb-content-font-style:normal;--awb-content-font-weight:400;\"><div class=\"panel-group fusion-toggle-icon-boxed\" id=\"accordion-2238-1\"><div class=\"fusion-panel panel-default panel-b50494fe69f94e268 fusion-toggle-no-divider\" style=\"--awb-title-color:#bcbcbc;\"><div class=\"panel-heading\"><h4 class=\"panel-title toggle\" id=\"toggle_b50494fe69f94e268\"><a aria-expanded=\"false\" aria-controls=\"b50494fe69f94e268\" role=\"button\" data-toggle=\"collapse\" data-parent=\"#accordion-2238-1\" data-target=\"#b50494fe69f94e268\" href=\"#b50494fe69f94e268\"><span class=\"fusion-toggle-icon-wrapper\" aria-hidden=\"true\"><i class=\"fa-fusion-box active-icon awb-icon-minus\" aria-hidden=\"true\"><\/i><i class=\"fa-fusion-box inactive-icon awb-icon-plus\" aria-hidden=\"true\"><\/i><\/span><span class=\"fusion-toggle-heading\">\u00abVertraut und fremd zugleich\u00bb<\/span><\/a><\/h4><\/div><div id=\"b50494fe69f94e268\" class=\"panel-collapse collapse \" aria-labelledby=\"toggle_b50494fe69f94e268\"><div class=\"panel-body toggle-content fusion-clearfix\">\n<p><strong><img decoding=\"async\" class=\"alignnone size-full wp-image-2249\" src=\"http:\/\/wp.jm-gailingen.de\/wp-content\/uploads\/2024\/03\/IMG_0030-scaled.jpg\" alt=\"\" width=\"2560\" height=\"1920\" srcset=\"https:\/\/www.jm-gailingen.de\/wp-content\/uploads\/2024\/03\/IMG_0030-200x150.jpg 200w, https:\/\/www.jm-gailingen.de\/wp-content\/uploads\/2024\/03\/IMG_0030-300x225.jpg 300w, https:\/\/www.jm-gailingen.de\/wp-content\/uploads\/2024\/03\/IMG_0030-400x300.jpg 400w, https:\/\/www.jm-gailingen.de\/wp-content\/uploads\/2024\/03\/IMG_0030-600x450.jpg 600w, https:\/\/www.jm-gailingen.de\/wp-content\/uploads\/2024\/03\/IMG_0030-768x576.jpg 768w, https:\/\/www.jm-gailingen.de\/wp-content\/uploads\/2024\/03\/IMG_0030-800x600.jpg 800w, https:\/\/www.jm-gailingen.de\/wp-content\/uploads\/2024\/03\/IMG_0030-1024x768.jpg 1024w, https:\/\/www.jm-gailingen.de\/wp-content\/uploads\/2024\/03\/IMG_0030-1200x900.jpg 1200w, https:\/\/www.jm-gailingen.de\/wp-content\/uploads\/2024\/03\/IMG_0030-1536x1152.jpg 1536w, https:\/\/www.jm-gailingen.de\/wp-content\/uploads\/2024\/03\/IMG_0030-scaled.jpg 2560w\" sizes=\"(max-width: 2560px) 100vw, 2560px\" \/><\/strong><\/p>\n<p><strong>\u00dcberblicksf\u00fchrung durch das J\u00fcdische Museum Gailingen mit Besuch des Ritualbades, Mikwe<\/strong><\/p>\n<p>Die Geschichte j\u00fcdischen Lebens in einer Region ist immer auch die Geschichte vom Umgang mit dem Fremden, seiner Integration und\/oder Zur\u00fcckweisung. Der gemeinsame Gang durch die Dauerausstellung im ehemaligen Schulhaus bietet vielf\u00e4ltige Einblicke in die Entwicklung einer der gr\u00f6\u00dften j\u00fcdischen Landgemeinden im s\u00fcddeutschen Raum. Thematisiert werden Gailinger Synagoge, gelebte Religiosit\u00e4t und Alltagsleben, der lange Weg j\u00fcdischer Emanzipation sowie Verfolgung und Deportation w\u00e4hrend des Nationalsozialismus.<\/p>\n<p><strong>Dauer: 90 Minuten<br \/>\nPreis: 60 \u20ac (max. 15 Personen)<\/strong><\/p>\n<p><strong>\u00a0<\/strong><\/p>\n<\/div><\/div><\/div><div class=\"fusion-panel panel-default panel-a195e8bb392f0a7a3 fusion-toggle-no-divider\" style=\"--awb-title-color:#bcbcbc;\"><div class=\"panel-heading\"><h4 class=\"panel-title toggle\" id=\"toggle_a195e8bb392f0a7a3\"><a aria-expanded=\"false\" aria-controls=\"a195e8bb392f0a7a3\" role=\"button\" data-toggle=\"collapse\" data-parent=\"#accordion-2238-1\" data-target=\"#a195e8bb392f0a7a3\" href=\"#a195e8bb392f0a7a3\"><span class=\"fusion-toggle-icon-wrapper\" aria-hidden=\"true\"><i class=\"fa-fusion-box active-icon awb-icon-minus\" aria-hidden=\"true\"><\/i><i class=\"fa-fusion-box inactive-icon awb-icon-plus\" aria-hidden=\"true\"><\/i><\/span><span class=\"fusion-toggle-heading\">\u00abIm Dialog\u00bb<\/span><\/a><\/h4><\/div><div id=\"a195e8bb392f0a7a3\" class=\"panel-collapse collapse \" aria-labelledby=\"toggle_a195e8bb392f0a7a3\"><div class=\"panel-body toggle-content fusion-clearfix\">\n<p><strong><img decoding=\"async\" class=\"alignnone size-full wp-image-2246\" src=\"http:\/\/wp.jm-gailingen.de\/wp-content\/uploads\/2024\/03\/IMG_3716_quer.jpg\" alt=\"\" width=\"640\" height=\"458\" srcset=\"https:\/\/www.jm-gailingen.de\/wp-content\/uploads\/2024\/03\/IMG_3716_quer-200x143.jpg 200w, https:\/\/www.jm-gailingen.de\/wp-content\/uploads\/2024\/03\/IMG_3716_quer-300x214.jpg 300w, https:\/\/www.jm-gailingen.de\/wp-content\/uploads\/2024\/03\/IMG_3716_quer-400x286.jpg 400w, https:\/\/www.jm-gailingen.de\/wp-content\/uploads\/2024\/03\/IMG_3716_quer-600x429.jpg 600w, https:\/\/www.jm-gailingen.de\/wp-content\/uploads\/2024\/03\/IMG_3716_quer.jpg 640w\" sizes=\"(max-width: 640px) 100vw, 640px\" \/><\/strong><\/p>\n<p><strong>J\u00fcdisches Leben im Spiegel von Literatur und Philosophie<\/strong><\/p>\n<p>Der Ausstellungsrundgang setzt die j\u00fcdische Geschichte Gailingens erz\u00e4hldramaturgisch in Dialog mit vergangenen und zeitgen\u00f6ssischen Stimmen aus j\u00fcdischer Zeit- und Kulturgeschichte. Texte von Jacob Picard, Rahel Varnhagen, Hannah Arendt, Berty Friesl\u00e4nder-Bloch, Ruth Kl\u00fcger, Jean Am\u00e9ry und Deborah Feldman spiegeln kontrastreich individuelles j\u00fcdisches Bewusstsein, religi\u00f6ses Alltagsleben, den spannungsreichen Weg j\u00fcdischer Emanzipation sowie die leidvolle Erfahrung von Deportation und Verfolgung. In Gespr\u00e4ch und Diskussion ergibt sich ein lebendiges Erinnern.<\/p>\n<p><strong>Dauer: 90 Minuten<br \/>\nPreis: 90 \u20ac (max. 15 Personen)<\/strong><\/p>\n<p><strong>\u00a0<\/strong><\/p>\n<\/div><\/div><\/div><\/div><\/div><div class=\"fusion-text fusion-text-8\"><h3 class=\"csc-firstHeader\" data-fontsize=\"26\" data-lineheight=\"42\">Ortsf\u00fchrung<\/h3>\n<\/div><div class=\"accordian fusion-accordian\" style=\"--awb-border-size:1px;--awb-icon-size:13px;--awb-content-font-size:15px;--awb-icon-alignment:left;--awb-hover-color:#f9f9f9;--awb-border-color:#cccccc;--awb-background-color:#ffffff;--awb-divider-color:#e0dede;--awb-divider-hover-color:#e0dede;--awb-icon-color:#ffffff;--awb-title-color:#bcbcbc;--awb-content-color:#424242;--awb-icon-box-color:#333333;--awb-toggle-hover-accent-color:#3f7ccd;--awb-title-font-family:&quot;Open Sans&quot;;--awb-title-font-weight:300;--awb-title-font-style:normal;--awb-title-font-size:18px;--awb-content-font-family:&quot;Open Sans&quot;;--awb-content-font-style:normal;--awb-content-font-weight:400;\"><div class=\"panel-group fusion-toggle-icon-boxed\" id=\"accordion-2238-2\"><div class=\"fusion-panel panel-default panel-c84c02f6dbbcf94e5 fusion-toggle-no-divider\" style=\"--awb-title-color:#bcbcbc;\"><div class=\"panel-heading\"><h4 class=\"panel-title toggle\" id=\"toggle_c84c02f6dbbcf94e5\"><a class=\"active\" aria-expanded=\"true\" aria-controls=\"c84c02f6dbbcf94e5\" role=\"button\" data-toggle=\"collapse\" data-parent=\"#accordion-2238-2\" data-target=\"#c84c02f6dbbcf94e5\" href=\"#c84c02f6dbbcf94e5\"><span class=\"fusion-toggle-icon-wrapper\" aria-hidden=\"true\"><i class=\"fa-fusion-box active-icon awb-icon-minus\" aria-hidden=\"true\"><\/i><i class=\"fa-fusion-box inactive-icon awb-icon-plus\" aria-hidden=\"true\"><\/i><\/span><span class=\"fusion-toggle-heading\">\u00abGeschichte und Geschichten\u00bb<\/span><\/a><\/h4><\/div><div id=\"c84c02f6dbbcf94e5\" class=\"panel-collapse collapse in\" aria-labelledby=\"toggle_c84c02f6dbbcf94e5\"><div class=\"panel-body toggle-content fusion-clearfix\">\n<p><strong><img decoding=\"async\" class=\"alignnone size-full wp-image-2251\" src=\"http:\/\/wp.jm-gailingen.de\/wp-content\/uploads\/2024\/03\/Synagogenplatz-Gailingen.jpg\" alt=\"\" width=\"800\" height=\"559\" srcset=\"https:\/\/www.jm-gailingen.de\/wp-content\/uploads\/2024\/03\/Synagogenplatz-Gailingen-200x140.jpg 200w, https:\/\/www.jm-gailingen.de\/wp-content\/uploads\/2024\/03\/Synagogenplatz-Gailingen-300x210.jpg 300w, https:\/\/www.jm-gailingen.de\/wp-content\/uploads\/2024\/03\/Synagogenplatz-Gailingen-400x280.jpg 400w, https:\/\/www.jm-gailingen.de\/wp-content\/uploads\/2024\/03\/Synagogenplatz-Gailingen-600x419.jpg 600w, https:\/\/www.jm-gailingen.de\/wp-content\/uploads\/2024\/03\/Synagogenplatz-Gailingen-768x537.jpg 768w, https:\/\/www.jm-gailingen.de\/wp-content\/uploads\/2024\/03\/Synagogenplatz-Gailingen.jpg 800w\" sizes=\"(max-width: 800px) 100vw, 800px\" \/><\/strong><\/p>\n<p><strong>Ortsf\u00fchrung durch das j\u00fcdische Gailingen einschlie\u00dflich des j\u00fcdischen Friedhofs<\/strong><\/p>\n<p>In Gailingen lebten \u00fcber Jahrhunderte zwei Bev\u00f6lkerungsgruppen mit unterschiedlicher Religion, Berufsstruktur und Kultur zusammen &#8211; ein Dorf, dessen Ortsbild von der j\u00fcdischen Bev\u00f6lkerung ma\u00dfgeblich gepr\u00e4gt wurde. Sie wandern entlang j\u00fcdischer Spuren bis zum Friedhof, betrachten H\u00e4user und h\u00f6ren von Menschen und ihren Geschichten.<\/p>\n<p><strong>Dauer: 150 Minuten<br \/>\nPreis: 120 \u20ac (bis 30 Personen)<\/strong><\/p>\n<p><strong>\u00a0<\/strong><\/p>\n<\/div><\/div><\/div><\/div><\/div><div class=\"fusion-text fusion-text-9\"><h3 class=\"csc-firstHeader\" data-fontsize=\"26\" data-lineheight=\"42\">J\u00fcdischer Friedhof<\/h3>\n<\/div><div class=\"accordian fusion-accordian\" style=\"--awb-border-size:1px;--awb-icon-size:13px;--awb-content-font-size:15px;--awb-icon-alignment:left;--awb-hover-color:#f9f9f9;--awb-border-color:#cccccc;--awb-background-color:#ffffff;--awb-divider-color:#e0dede;--awb-divider-hover-color:#e0dede;--awb-icon-color:#ffffff;--awb-title-color:#bcbcbc;--awb-content-color:#424242;--awb-icon-box-color:#333333;--awb-toggle-hover-accent-color:#3f7ccd;--awb-title-font-family:&quot;Open Sans&quot;;--awb-title-font-weight:300;--awb-title-font-style:normal;--awb-title-font-size:18px;--awb-content-font-family:&quot;Open Sans&quot;;--awb-content-font-style:normal;--awb-content-font-weight:400;\"><div class=\"panel-group fusion-toggle-icon-boxed\" id=\"accordion-2238-3\"><div class=\"fusion-panel panel-default panel-006ed40f3d91fd831 fusion-toggle-no-divider\" style=\"--awb-title-color:#bcbcbc;\"><div class=\"panel-heading\"><h4 class=\"panel-title toggle\" id=\"toggle_006ed40f3d91fd831\"><a class=\"active\" aria-expanded=\"true\" aria-controls=\"006ed40f3d91fd831\" role=\"button\" data-toggle=\"collapse\" data-parent=\"#accordion-2238-3\" data-target=\"#006ed40f3d91fd831\" href=\"#006ed40f3d91fd831\"><span class=\"fusion-toggle-icon-wrapper\" aria-hidden=\"true\"><i class=\"fa-fusion-box active-icon awb-icon-minus\" aria-hidden=\"true\"><\/i><i class=\"fa-fusion-box inactive-icon awb-icon-plus\" aria-hidden=\"true\"><\/i><\/span><span class=\"fusion-toggle-heading\">\u00abAm guten Ort\u00bb<\/span><\/a><\/h4><\/div><div id=\"006ed40f3d91fd831\" class=\"panel-collapse collapse in\" aria-labelledby=\"toggle_006ed40f3d91fd831\"><div class=\"panel-body toggle-content fusion-clearfix\">\n<p><strong><img decoding=\"async\" class=\"alignnone size-full wp-image-2248\" src=\"http:\/\/wp.jm-gailingen.de\/wp-content\/uploads\/2024\/03\/Juedischer-Friedhof_10.jpg\" alt=\"\" width=\"800\" height=\"704\" srcset=\"https:\/\/www.jm-gailingen.de\/wp-content\/uploads\/2024\/03\/Juedischer-Friedhof_10-200x176.jpg 200w, https:\/\/www.jm-gailingen.de\/wp-content\/uploads\/2024\/03\/Juedischer-Friedhof_10-300x264.jpg 300w, https:\/\/www.jm-gailingen.de\/wp-content\/uploads\/2024\/03\/Juedischer-Friedhof_10-400x352.jpg 400w, https:\/\/www.jm-gailingen.de\/wp-content\/uploads\/2024\/03\/Juedischer-Friedhof_10-600x528.jpg 600w, https:\/\/www.jm-gailingen.de\/wp-content\/uploads\/2024\/03\/Juedischer-Friedhof_10-768x676.jpg 768w, https:\/\/www.jm-gailingen.de\/wp-content\/uploads\/2024\/03\/Juedischer-Friedhof_10.jpg 800w\" sizes=\"(max-width: 800px) 100vw, 800px\" \/><\/strong><\/p>\n<p><strong>F\u00fchrung zum J\u00fcdischen Friedhof<\/strong><\/p>\n<p>Der J\u00fcdische Friedhof Gailingen ist das altehrw\u00fcrdigste Zeugnis aus der Fr\u00fchzeit der j\u00fcdischen Gemeinde im 17. Jahrhundert. Als steinernes Archiv erz\u00e4hlt er mit hebr\u00e4ischen und deutschen Grabinschriften und Bildsymbolen vom Leben der Toten und zeugt von der tiefen Religiosit\u00e4t, die das Landjudentum \u00fcber die Jahrhunderte auszeichnete. Leitmotiv ist der Glaube auf ein \u00abOlam haba\u00bb<em>,<\/em> eine \u00abkommende Welt\u00bb und spirituelles Jenseits. Als mystischer Ort der Stille ist der Friedhof nicht nur ein Ort des Todes und der Trauer sondern erinnert an bekannte und unbekannte Pers\u00f6nlichkeiten der Gailinger B\u00fcrgerschaft.<\/p>\n<p>M\u00e4nnliche Teilnehmer werden gebeten, den Friedhof nur mit Kopfbedeckung zu betreten.<\/p>\n<p><strong>Dauer: 90 Minuten<br \/>\nPreis: 90 \u20ac (bis 30 Personen)<\/strong><\/p>\n<p><strong>\u00a0<\/strong><\/p>\n<\/div><\/div><\/div><\/div><\/div><div class=\"fusion-clearfix\"><\/div><\/div><\/div><\/div><\/div>\n","protected":false},"excerpt":{"rendered":"","protected":false},"author":1,"featured_media":0,"parent":0,"menu_order":0,"comment_status":"closed","ping_status":"closed","template":"","meta":{"footnotes":""},"class_list":["post-2238","page","type-page","status-publish","hentry"],"_links":{"self":[{"href":"https:\/\/www.jm-gailingen.de\/index.php?rest_route=\/wp\/v2\/pages\/2238","targetHints":{"allow":["GET"]}}],"collection":[{"href":"https:\/\/www.jm-gailingen.de\/index.php?rest_route=\/wp\/v2\/pages"}],"about":[{"href":"https:\/\/www.jm-gailingen.de\/index.php?rest_route=\/wp\/v2\/types\/page"}],"author":[{"embeddable":true,"href":"https:\/\/www.jm-gailingen.de\/index.php?rest_route=\/wp\/v2\/users\/1"}],"replies":[{"embeddable":true,"href":"https:\/\/www.jm-gailingen.de\/index.php?rest_route=%2Fwp%2Fv2%2Fcomments&post=2238"}],"version-history":[{"count":19,"href":"https:\/\/www.jm-gailingen.de\/index.php?rest_route=\/wp\/v2\/pages\/2238\/revisions"}],"predecessor-version":[{"id":2714,"href":"https:\/\/www.jm-gailingen.de\/index.php?rest_route=\/wp\/v2\/pages\/2238\/revisions\/2714"}],"wp:attachment":[{"href":"https:\/\/www.jm-gailingen.de\/index.php?rest_route=%2Fwp%2Fv2%2Fmedia&parent=2238"}],"curies":[{"name":"wp","href":"https:\/\/api.w.org\/{rel}","templated":true}]}}