{"id":2253,"date":"2024-03-20T13:26:06","date_gmt":"2024-03-20T13:26:06","guid":{"rendered":"http:\/\/www.jm-gailingen.de\/?page_id=2253"},"modified":"2025-07-10T14:52:22","modified_gmt":"2025-07-10T14:52:22","slug":"archiv","status":"publish","type":"page","link":"https:\/\/www.jm-gailingen.de\/?page_id=2253","title":{"rendered":"Archiv"},"content":{"rendered":"<p><div class=\"fusion-fullwidth fullwidth-box fusion-builder-row-1 has-pattern-background has-mask-background nonhundred-percent-fullwidth non-hundred-percent-height-scrolling\" style=\"--awb-border-radius-top-left:0px;--awb-border-radius-top-right:0px;--awb-border-radius-bottom-right:0px;--awb-border-radius-bottom-left:0px;--awb-padding-right:15%;--awb-padding-left:15%;--awb-flex-wrap:wrap;\" ><div class=\"fusion-builder-row fusion-row\"><div class=\"fusion-layout-column fusion_builder_column fusion-builder-column-0 fusion_builder_column_1_1 1_1 fusion-one-full fusion-column-first fusion-column-last\" style=\"--awb-bg-size:cover;\"><div class=\"fusion-column-wrapper fusion-flex-column-wrapper-legacy\"><div class=\"fusion-text fusion-text-1\"><h3 class=\"csc-firstHeader\" data-fontsize=\"26\" data-lineheight=\"42\">Archiv<\/h3>\n<\/div><div class=\"fusion-clearfix\"><\/div><\/div><\/div><\/div><\/div><div class=\"fusion-fullwidth fullwidth-box fusion-builder-row-2 has-pattern-background has-mask-background nonhundred-percent-fullwidth non-hundred-percent-height-scrolling\" style=\"--awb-background-position:left top;--awb-border-sizes-top:0px;--awb-border-sizes-bottom:0px;--awb-border-sizes-left:0px;--awb-border-sizes-right:0px;--awb-border-radius-top-left:0px;--awb-border-radius-top-right:0px;--awb-border-radius-bottom-right:0px;--awb-border-radius-bottom-left:0px;--awb-padding-top:0px;--awb-padding-right:15%;--awb-padding-bottom:0px;--awb-padding-left:15%;--awb-margin-top:0px;--awb-flex-wrap:wrap;\" ><div class=\"fusion-builder-row fusion-row\"><div class=\"fusion-layout-column fusion_builder_column fusion-builder-column-1 fusion_builder_column_1_1 1_1 fusion-one-full fusion-column-first fusion-column-last fusion-column-no-min-height\" style=\"--awb-padding-bottom:50px;--awb-bg-size:cover;--awb-margin-bottom:20px;\"><div class=\"fusion-column-wrapper fusion-column-has-shadow fusion-flex-column-wrapper-legacy\"><div class=\"fusion-content-boxes content-boxes columns row fusion-columns-1 fusion-columns-total-1 fusion-content-boxes-1 content-boxes-icon-with-title content-left\" style=\"--awb-backgroundcolor:#ffffff;--awb-body-color:#ffffff;--awb-title-color:#ffeb3b;--awb-hover-accent-color:#ffeb3b;--awb-circle-hover-accent-color:#ffeb3b;--awb-item-margin-bottom:40px;\" data-animationOffset=\"top-into-view\"><div style=\"--awb-backgroundcolor:#747474;\" class=\"fusion-column content-box-column content-box-column content-box-column-1 col-lg-12 col-md-12 col-sm-12 fusion-content-box-hover content-box-column-last content-box-column-last-in-row\"><div class=\"col content-box-wrapper content-wrapper-background link-area-link-icon icon-hover-animation-fade fusion-animated\" data-animationType=\"slideInLeft\" data-animationDuration=\"0.3\" data-animationOffset=\"top-into-view\"><div class=\"heading icon-left\"><h2 class=\"content-box-heading fusion-responsive-typography-calculated\" style=\"--h2_typography-font-size:20px;--fontSize:20;line-height:1.29;\">Gedenkst\u00e4ttenreise 2024<\/h2><\/div><div class=\"fusion-clearfix\"><\/div><div class=\"content-container\">\n<div class=\"reading-box-additional\">\n<p style=\"text-align: center;\"><strong>Landtagspr\u00e4sidentin Muhterem Aras besuchte im Rahmen ihrer j\u00e4hrlichen Gedenkst\u00e4ttenreise am 12. Juli 2024 auch unser J\u00fcdisches Museum in Gailingen.<\/strong><\/p>\n<p>Die gesamte Gedenkst\u00e4ttenreise k\u00f6nnen Sie ansehen bei\u00a0<a href=\"https:\/\/www.youtube.com\/watch?v=Ho93V9k9zsA&amp;t=7s\">youtube.<\/a><\/p>\n<p><img decoding=\"async\" class=\"size-medium wp-image-2391\" src=\"http:\/\/wp.jm-gailingen.de\/wp-content\/uploads\/2024\/09\/12_07_2024Gedenk36-300x200.jpg\" alt=\"\" width=\"300\" height=\"200\" srcset=\"https:\/\/jm-gailingen.de\/wp-content\/uploads\/2024\/09\/12_07_2024Gedenk36-200x133.jpg 200w, https:\/\/jm-gailingen.de\/wp-content\/uploads\/2024\/09\/12_07_2024Gedenk36-300x200.jpg 300w, https:\/\/jm-gailingen.de\/wp-content\/uploads\/2024\/09\/12_07_2024Gedenk36-400x267.jpg 400w, https:\/\/jm-gailingen.de\/wp-content\/uploads\/2024\/09\/12_07_2024Gedenk36-600x400.jpg 600w, https:\/\/jm-gailingen.de\/wp-content\/uploads\/2024\/09\/12_07_2024Gedenk36-768x512.jpg 768w, https:\/\/jm-gailingen.de\/wp-content\/uploads\/2024\/09\/12_07_2024Gedenk36-800x533.jpg 800w, https:\/\/jm-gailingen.de\/wp-content\/uploads\/2024\/09\/12_07_2024Gedenk36-1024x683.jpg 1024w, https:\/\/jm-gailingen.de\/wp-content\/uploads\/2024\/09\/12_07_2024Gedenk36-1200x800.jpg 1200w, https:\/\/jm-gailingen.de\/wp-content\/uploads\/2024\/09\/12_07_2024Gedenk36-1536x1024.jpg 1536w, https:\/\/jm-gailingen.de\/wp-content\/uploads\/2024\/09\/12_07_2024Gedenk36-scaled.jpg 2560w\" sizes=\"(max-width: 300px) 100vw, 300px\" \/><\/p>\n<p><strong>\u00a0<\/strong><\/p>\n<\/div>\n<\/div><\/div><\/div><div class=\"fusion-clearfix\"><\/div><\/div><div class=\"fusion-content-boxes content-boxes columns row fusion-columns-1 fusion-columns-total-1 fusion-content-boxes-2 content-boxes-icon-with-title content-left\" style=\"--awb-backgroundcolor:#ffffff;--awb-body-color:#ffffff;--awb-title-color:#ffeb3b;--awb-hover-accent-color:#ffeb3b;--awb-circle-hover-accent-color:#ffeb3b;--awb-item-margin-bottom:40px;\" data-animationOffset=\"top-into-view\"><div style=\"--awb-backgroundcolor:#747474;\" class=\"fusion-column content-box-column content-box-column content-box-column-1 col-lg-12 col-md-12 col-sm-12 fusion-content-box-hover content-box-column-last content-box-column-last-in-row\"><div class=\"col content-box-wrapper content-wrapper-background link-area-link-icon icon-hover-animation-fade fusion-animated\" data-animationType=\"slideInLeft\" data-animationDuration=\"0.3\" data-animationOffset=\"top-into-view\"><div class=\"heading heading-with-icon icon-left\"><div class=\"icon\"><i style=\"border-color:#333333;border-width:1px;background-color:#333333;box-sizing:content-box;height:42px;width:42px;line-height:42px;border-radius:50%;font-size:21px;\" aria-hidden=\"true\" class=\"fontawesome-icon fa-film fas circle-yes\"><\/i><\/div><h2 class=\"content-box-heading fusion-responsive-typography-calculated\" style=\"--h2_typography-font-size:20px;--fontSize:20;line-height:1.29;\">Butoh-Performance von Regina Masuhr<\/h2><\/div><div class=\"fusion-clearfix\"><\/div><div class=\"content-container\">\n<p>Am 26.3.2023 fand der Kulturelle Begegnungstag Diessenhofen &#8211; Gailingen statt.<\/p>\n<p>Regina Masuhr verarbeitete die Fluchterfahrung von Gailinger J\u00fcdinnen und Juden auf der historischen Holzbr\u00fccke zwischen den beiden Orten k\u00fcnstlerisch in einer Butoh-Performance.<\/p>\n<p>Sie k\u00f6nnen diese <a href=\"https:\/\/www.youtube.com\/watch?v=qVhi30Ohr_s&amp;t=5s\">hier auf Youtube<\/a> ansehen.<\/p>\n<p><a href=\"https:\/\/www.youtube.com\/watch?v=qVhi30Ohr_s&amp;t=5s\"><img decoding=\"async\" class=\" wp-image-2182 aligncenter\" src=\"http:\/\/wp.jm-gailingen.de\/wp-content\/uploads\/2023\/10\/2023-03-26-Begegnungstag-CL-1030329-200x300.jpg\" alt=\"\" width=\"386\" height=\"580\" srcset=\"https:\/\/jm-gailingen.de\/wp-content\/uploads\/2023\/10\/2023-03-26-Begegnungstag-CL-1030329-200x300.jpg 200w, https:\/\/jm-gailingen.de\/wp-content\/uploads\/2023\/10\/2023-03-26-Begegnungstag-CL-1030329-400x600.jpg 400w, https:\/\/jm-gailingen.de\/wp-content\/uploads\/2023\/10\/2023-03-26-Begegnungstag-CL-1030329-600x900.jpg 600w, https:\/\/jm-gailingen.de\/wp-content\/uploads\/2023\/10\/2023-03-26-Begegnungstag-CL-1030329-683x1024.jpg 683w, https:\/\/jm-gailingen.de\/wp-content\/uploads\/2023\/10\/2023-03-26-Begegnungstag-CL-1030329-768x1152.jpg 768w, https:\/\/jm-gailingen.de\/wp-content\/uploads\/2023\/10\/2023-03-26-Begegnungstag-CL-1030329-800x1200.jpg 800w, https:\/\/jm-gailingen.de\/wp-content\/uploads\/2023\/10\/2023-03-26-Begegnungstag-CL-1030329-1024x1536.jpg 1024w, https:\/\/jm-gailingen.de\/wp-content\/uploads\/2023\/10\/2023-03-26-Begegnungstag-CL-1030329-1200x1800.jpg 1200w, https:\/\/jm-gailingen.de\/wp-content\/uploads\/2023\/10\/2023-03-26-Begegnungstag-CL-1030329-1366x2048.jpg 1366w, https:\/\/jm-gailingen.de\/wp-content\/uploads\/2023\/10\/2023-03-26-Begegnungstag-CL-1030329-scaled.jpg 1707w\" sizes=\"(max-width: 386px) 100vw, 386px\" \/><\/a><\/p>\n<p style=\"text-align: center;\"><a href=\"https:\/\/www.youtube.com\/watch?v=qVhi30Ohr_s&amp;t=5s\">Link zum Video<\/a><\/p>\n<\/div><\/div><\/div><div class=\"fusion-clearfix\"><\/div><\/div><div class=\"fusion-content-boxes content-boxes columns row fusion-columns-1 fusion-columns-total-1 fusion-content-boxes-3 content-boxes-icon-with-title content-left\" style=\"--awb-backgroundcolor:#ffffff;--awb-body-color:#ffffff;--awb-title-color:#ffeb3b;--awb-margin-top:-180px;--awb-hover-accent-color:#ffeb3b;--awb-circle-hover-accent-color:#ffeb3b;--awb-item-margin-bottom:40px;\" data-animationOffset=\"top-into-view\"><div style=\"--awb-backgroundcolor:#747474;\" class=\"fusion-column content-box-column content-box-column content-box-column-1 col-lg-12 col-md-12 col-sm-12 fusion-content-box-hover content-box-column-last content-box-column-last-in-row\"><div class=\"col content-box-wrapper content-wrapper-background link-area-link-icon link-type-text icon-hover-animation-fade fusion-animated\" data-animationType=\"slideInLeft\" data-animationDuration=\"0.3\" data-animationOffset=\"top-into-view\"><div class=\"heading heading-with-icon icon-left\"><a class=\"heading-link\" style=\"float:left;\" href=\"https:\/\/youtu.be\/ck9pYk0aihU\" target=\"_self\"><div class=\"icon\"><i style=\"border-color:#333333;border-width:1px;background-color:#333333;box-sizing:content-box;height:42px;width:42px;line-height:42px;border-radius:50%;font-size:21px;\" aria-hidden=\"true\" class=\"fontawesome-icon fa-film fas circle-yes\"><\/i><\/div><h2 class=\"content-box-heading fusion-responsive-typography-calculated\" style=\"--h2_typography-font-size:20px;--fontSize:20;line-height:1.29;\">Film zum Jubil\u00e4um<\/h2><\/a><\/div><div class=\"fusion-clearfix\"><\/div><div class=\"content-container\">\n<p style=\"text-align: center;\"><a href=\"https:\/\/youtu.be\/ck9pYk0aihU\" target=\"_blank\" rel=\"noopener\"><img decoding=\"async\" class=\"alignnone wp-image-2078\" src=\"http:\/\/wp.jm-gailingen.de\/wp-content\/uploads\/2022\/10\/Screenshot_Video_25-Jahre-Verein-300x170.jpg\" alt=\"\" width=\"341\" height=\"193\" srcset=\"https:\/\/jm-gailingen.de\/wp-content\/uploads\/2022\/10\/Screenshot_Video_25-Jahre-Verein-200x113.jpg 200w, https:\/\/jm-gailingen.de\/wp-content\/uploads\/2022\/10\/Screenshot_Video_25-Jahre-Verein-300x170.jpg 300w, https:\/\/jm-gailingen.de\/wp-content\/uploads\/2022\/10\/Screenshot_Video_25-Jahre-Verein-400x227.jpg 400w, https:\/\/jm-gailingen.de\/wp-content\/uploads\/2022\/10\/Screenshot_Video_25-Jahre-Verein-600x340.jpg 600w, https:\/\/jm-gailingen.de\/wp-content\/uploads\/2022\/10\/Screenshot_Video_25-Jahre-Verein-768x435.jpg 768w, https:\/\/jm-gailingen.de\/wp-content\/uploads\/2022\/10\/Screenshot_Video_25-Jahre-Verein-800x453.jpg 800w, https:\/\/jm-gailingen.de\/wp-content\/uploads\/2022\/10\/Screenshot_Video_25-Jahre-Verein.jpg 987w\" sizes=\"(max-width: 341px) 100vw, 341px\" \/><\/a><\/p>\n<p style=\"text-align: center;\"><a href=\"https:\/\/youtu.be\/ck9pYk0aihU\" target=\"_blank\" rel=\"noopener\">Link zu Youtube<\/a><\/p>\n<p>Vor 25 Jahren wurde der Verein f\u00fcr j\u00fcdische Geschichte Gailingen gegr\u00fcndet. Heute ist er der Tr\u00e4ger eines preisgekr\u00f6nten Museums zur Geschichte der j\u00fcdischen Gemeinde des Ortes.<br \/>\nIn diesem Video blicken wir zur\u00fcck in die Anfangszeit und sprechen mit Protagonisten der Vereinsgeschichte.<\/p>\n<p>The Association for the Jewish History of Gailingen is celebrating it&#8217;s 25th anniversary this year. Today, it is responsible for the Jewish Museum in the village.<br \/>\nIn this short video clip we look back to the humble beginnings and talk to various persons who have been important to the association&#8217;s growth and success.<\/p>\n<\/div><\/div><\/div><div class=\"fusion-clearfix\"><\/div><\/div><div class=\"fusion-content-boxes content-boxes columns row fusion-columns-1 fusion-columns-total-1 fusion-content-boxes-4 content-boxes-icon-with-title content-left\" style=\"--awb-backgroundcolor:#ffffff;--awb-body-color:#ffffff;--awb-title-color:#ffeb3b;--awb-margin-top:-180px;--awb-hover-accent-color:#ffeb3b;--awb-circle-hover-accent-color:#ffeb3b;--awb-item-margin-bottom:40px;\" data-animationOffset=\"top-into-view\"><div style=\"--awb-backgroundcolor:#747474;\" class=\"fusion-column content-box-column content-box-column content-box-column-1 col-lg-12 col-md-12 col-sm-12 fusion-content-box-hover content-box-column-last content-box-column-last-in-row\"><div class=\"col content-box-wrapper content-wrapper-background link-area-link-icon icon-hover-animation-fade fusion-animated\" data-animationType=\"slideInLeft\" data-animationDuration=\"0.3\" data-animationOffset=\"top-into-view\"><div class=\"heading heading-with-icon icon-left\"><div class=\"icon\"><i style=\"border-color:#333333;border-width:1px;background-color:#333333;box-sizing:content-box;height:42px;width:42px;line-height:42px;border-radius:50%;font-size:21px;\" aria-hidden=\"true\" class=\"fontawesome-icon fa-film fas circle-yes\"><\/i><\/div><h2 class=\"content-box-heading fusion-responsive-typography-calculated\" style=\"--h2_typography-font-size:20px;--fontSize:20;line-height:1.29;\">Gedenkfeier<\/h2><\/div><div class=\"fusion-clearfix\"><\/div><div class=\"content-container\">\n<p>Hier k\u00f6nnen Sie einen Mitschnitt der Gedenkfeier anl\u00e4sslich der Deportation der Gailinger Juden vor 80 Jahren vom 22. Oktober 2020 anschauen:<\/p>\n<p><strong>\u00a0<a href=\"https:\/\/www.youtube.com\/watch?v=yYWRzFDHVIg&amp;feature=emb_logo\" target=\"_blank\" rel=\"noopener noreferrer\">Youtube-Link<\/a><\/strong><\/p>\n<\/div><\/div><\/div><div class=\"fusion-clearfix\"><\/div><\/div><div class=\"fusion-content-boxes content-boxes columns row fusion-columns-1 fusion-columns-total-1 fusion-content-boxes-5 content-boxes-icon-with-title content-left\" style=\"--awb-backgroundcolor:#ffffff;--awb-body-color:#ffffff;--awb-title-color:#ffeb3b;--awb-hover-accent-color:#ffeb3b;--awb-circle-hover-accent-color:#ffeb3b;--awb-item-margin-bottom:40px;\" data-animationOffset=\"top-into-view\"><div style=\"--awb-backgroundcolor:#747474;\" class=\"fusion-column content-box-column content-box-column content-box-column-1 col-lg-12 col-md-12 col-sm-12 fusion-content-box-hover content-box-column-last content-box-column-last-in-row\"><div class=\"col content-box-wrapper content-wrapper-background link-area-link-icon icon-hover-animation-fade fusion-animated\" data-animationType=\"slideInLeft\" data-animationDuration=\"0.3\" data-animationOffset=\"top-into-view\"><div class=\"heading heading-with-icon icon-left\"><div class=\"icon\"><i style=\"border-color:#333333;border-width:1px;background-color:#333333;box-sizing:content-box;height:42px;width:42px;line-height:42px;border-radius:50%;font-size:21px;\" aria-hidden=\"true\" class=\"fontawesome-icon fa-award fas circle-yes\"><\/i><\/div><h2 class=\"content-box-heading fusion-responsive-typography-calculated\" style=\"--h2_typography-font-size:20px;--fontSize:20;line-height:1.29;\">Auszeichnung<\/h2><\/div><div class=\"fusion-clearfix\"><\/div><div class=\"content-container\">\n<div class=\"reading-box-additional\">\n<p><strong>eXtra-Preis 2018 von Lotto Baden-W\u00fcrttemberg <\/strong>f\u00fcr das J\u00fcdische Museum Gailingen am Hochrhein! &gt;&gt;&gt; mehr unter <a href=\"https:\/\/www.museumsverband-bw.de\/veranstaltungstermine\/lotto-museumspreis-baden-wuerttemberg\/\">www.museumsverband-bw.de<\/a><\/p>\n<\/div>\n<\/div><\/div><\/div><div class=\"fusion-clearfix\"><\/div><\/div><div class=\"fusion-modal modal fade modal-1 a1\" tabindex=\"-1\" role=\"dialog\" aria-labelledby=\"modal-heading-1\" aria-hidden=\"true\" style=\"--awb-border-color:#ebebeb;--awb-background:#f6f6f6;\"><div class=\"modal-dialog modal-lg\" role=\"document\"><div class=\"modal-content fusion-modal-content\"><div class=\"modal-header\"><button class=\"close\" type=\"button\" data-dismiss=\"modal\" aria-hidden=\"true\" aria-label=\"Close\">&times;<\/button><h3 class=\"modal-title\" id=\"modal-heading-1\" data-dismiss=\"modal\" aria-hidden=\"true\"><\/h3><\/div><div class=\"modal-body fusion-clearfix\">\n<p><img decoding=\"async\" class=\"alignnone size-full wp-image-1717\" src=\"http:\/\/wp.jm-gailingen.de\/wp-content\/uploads\/2019\/08\/Ausstellung_Mikwe_internet.jpg\" alt=\"\" width=\"500\" height=\"773\" srcset=\"https:\/\/jm-gailingen.de\/wp-content\/uploads\/2019\/08\/Ausstellung_Mikwe_internet-194x300.jpg 194w, https:\/\/jm-gailingen.de\/wp-content\/uploads\/2019\/08\/Ausstellung_Mikwe_internet-200x309.jpg 200w, https:\/\/jm-gailingen.de\/wp-content\/uploads\/2019\/08\/Ausstellung_Mikwe_internet-400x618.jpg 400w, https:\/\/jm-gailingen.de\/wp-content\/uploads\/2019\/08\/Ausstellung_Mikwe_internet.jpg 500w\" sizes=\"(max-width: 500px) 100vw, 500px\" \/><\/p>\n<\/div><div class=\"modal-footer\"><button class=\"fusion-button button-default button-medium button default medium\" type=\"button\" data-dismiss=\"modal\">Close<\/button><\/div><\/div><\/div><\/div><div class=\"fusion-sep-clear\"><\/div><div class=\"fusion-separator fusion-full-width-sep\" style=\"margin-left: auto;margin-right: auto;margin-top:15px;margin-bottom:15px;width:100%;\"><\/div><div class=\"fusion-sep-clear\"><\/div><div class=\"fusion-clearfix\"><\/div><\/div><\/div><\/div><\/div><\/p>\n","protected":false},"excerpt":{"rendered":"","protected":false},"author":1,"featured_media":0,"parent":0,"menu_order":0,"comment_status":"closed","ping_status":"closed","template":"","meta":{"footnotes":""},"class_list":["post-2253","page","type-page","status-publish","hentry"],"_links":{"self":[{"href":"https:\/\/www.jm-gailingen.de\/index.php?rest_route=\/wp\/v2\/pages\/2253","targetHints":{"allow":["GET"]}}],"collection":[{"href":"https:\/\/www.jm-gailingen.de\/index.php?rest_route=\/wp\/v2\/pages"}],"about":[{"href":"https:\/\/www.jm-gailingen.de\/index.php?rest_route=\/wp\/v2\/types\/page"}],"author":[{"embeddable":true,"href":"https:\/\/www.jm-gailingen.de\/index.php?rest_route=\/wp\/v2\/users\/1"}],"replies":[{"embeddable":true,"href":"https:\/\/www.jm-gailingen.de\/index.php?rest_route=%2Fwp%2Fv2%2Fcomments&post=2253"}],"version-history":[{"count":10,"href":"https:\/\/www.jm-gailingen.de\/index.php?rest_route=\/wp\/v2\/pages\/2253\/revisions"}],"predecessor-version":[{"id":2560,"href":"https:\/\/www.jm-gailingen.de\/index.php?rest_route=\/wp\/v2\/pages\/2253\/revisions\/2560"}],"wp:attachment":[{"href":"https:\/\/www.jm-gailingen.de\/index.php?rest_route=%2Fwp%2Fv2%2Fmedia&parent=2253"}],"curies":[{"name":"wp","href":"https:\/\/api.w.org\/{rel}","templated":true}]}}