{"id":276,"date":"2015-06-03T18:03:23","date_gmt":"2015-06-03T18:03:23","guid":{"rendered":"http:\/\/wp.jm-gailingen.de\/?page_id=276"},"modified":"2023-08-14T10:05:18","modified_gmt":"2023-08-14T10:05:18","slug":"news","status":"publish","type":"page","link":"https:\/\/www.jm-gailingen.de\/?page_id=276","title":{"rendered":"Links"},"content":{"rendered":"<div class=\"fusion-fullwidth fullwidth-box fusion-builder-row-1 nonhundred-percent-fullwidth non-hundred-percent-height-scrolling\" style=\"--awb-background-position:left top;--awb-border-sizes-top:0px;--awb-border-sizes-bottom:0px;--awb-border-sizes-left:0px;--awb-border-sizes-right:0px;--awb-border-radius-top-left:0px;--awb-border-radius-top-right:0px;--awb-border-radius-bottom-right:0px;--awb-border-radius-bottom-left:0px;--awb-padding-top:110px;--awb-padding-right:8%;--awb-padding-bottom:30px;--awb-padding-left:8%;--awb-background-color:#eaeaea;--awb-flex-wrap:wrap;\" ><div class=\"fusion-builder-row fusion-row\"><div class=\"fusion-layout-column fusion_builder_column fusion-builder-column-0 fusion_builder_column_2_3 2_3 fusion-two-third fusion-column-first\" style=\"--awb-bg-position:center center;--awb-bg-size:cover;--awb-margin-bottom:45px;width:65.3333%; margin-right: 4%;\"><div class=\"fusion-column-wrapper fusion-flex-column-wrapper-legacy\"><div class=\"fusion-column-content-centered\"><div class=\"fusion-column-content\"><div class=\"fusion-text fusion-text-1\"><h3 class=\"csc-firstHeader\">Interview mit Joachim Klose und<br \/>\nLaura Hoffmann von expertentesten.de<\/h3>\n<p class=\"bodytext\"><a href=\"https:\/\/www.expertentesten.de\/news\/interview-joachim-klosejuedische-geschichte-gailingen\/\">https:\/\/www.expertentesten.de\/news\/interview-joachim-klosejuedische-geschichte-gailingen\/<\/a><\/p>\n<\/div><div class=\"fusion-text fusion-text-2\"><h3 class=\"csc-firstHeader\">links zu befreundeten Institutionen<\/h3>\n<p class=\"bodytext\">Verein f\u00fcr die Erhaltung des J\u00fcdischen Friedhofes Gailingen, Sitz Z\u00fcrich<br \/>\nInformationen unter <a title=\"Opens window for sending email\" href=\"mailto:agut@swissonline.ch\">agut[at]swissonline.ch<\/a><\/p>\n<p class=\"bodytext\">J\u00fcdisches Museum Hohenems<br \/>\n<a title=\"Opens external link in new window\" href=\"http:\/\/www.jm-hohenems.at\/\" target=\"_blank\" rel=\"noopener noreferrer\">www.jm-hohenems.at<\/a><\/p>\n<p class=\"bodytext\">J\u00fcdisches Museum der Schweiz, Basel<a title=\"Opens external link in new window\" href=\"http:\/\/www.juedisches-museum.ch\/\" target=\"_blank\" rel=\"noopener noreferrer\"><br \/>\nwww.juedisches-museum.ch<\/a><\/p>\n<p class=\"bodytext\">Alemannia Judaica Arbeitsgemeinschaft f\u00fcr die Erforschung der Geschichte der Juden im s\u00fcddeutschen und angrenzenden Raum<a title=\"Opens external link in new window\" href=\"http:\/\/www.alemannia-judaica.org\/index.htm\" target=\"_blank\" rel=\"noopener noreferrer\"><br \/>\nwww.alemannia-judaica.org\/index.htm<\/a><\/p>\n<p class=\"bodytext\">Hegau Geschichtsverein<a title=\"Opens external link in new window\" href=\"http:\/\/www.hegau-geschichtsverein.de\/\" target=\"_blank\" rel=\"noopener noreferrer\"><br \/>\nwww.hegau-geschichtsverein.de<\/a><\/p>\n<p class=\"bodytext\">Freundeskreis Jacob Picard<a title=\"Opens external link in new window\" href=\"http:\/\/www.forum-allmende.de\/freundeskreis_jacob_picard\" target=\"_blank\" rel=\"noopener noreferrer\"><br \/>\nwww.forum-allmende.de\/freundeskreis_jacob_picard<\/a><\/p>\n<p class=\"bodytext\">Dr. Erich Bloch und Lebenheim Bibliothek (Judaica) Konstanz<br \/>\n<a class=\"external-link-new-window\" title=\"Opens external link in new window\" href=\"http:\/\/www.blochbibliothek.de\/\" target=\"_blank\" rel=\"noopener noreferrer\">www.blochbibliothek.de<\/a><\/p>\n<p class=\"bodytext\">Freundeskreis J\u00fcdisches Leben in Tiengen<br \/>\n<a href=\"https:\/\/fjl-juden-in-waldshut-tiengen.de\/\" target=\"_blank\" rel=\"noopener\">www.fjl-juden-in-waldshut-tiengen.de<\/a><\/p>\n<p class=\"bodytext\">J\u00fcdischer Kulturweg Endingen \u2013 Lengnau<a title=\"Opens external link in new window\" href=\"http:\/\/www.juedischerkulturweg.ch\/\" target=\"_blank\" rel=\"noopener noreferrer\"><br \/>\nwww.juedischerkulturweg.ch<\/a><\/p>\n<p class=\"bodytext\">Schweizerische Vereinigung f\u00fcr J\u00fcdische Genealogie<a title=\"Opens external link in new window\" href=\"http:\/\/www.svjg.ch\/\" target=\"_blank\" rel=\"noopener noreferrer\"><br \/>\nwww.svjg.ch<\/a><\/p>\n<p class=\"bodytext\">Gedenkst\u00e4ttenreferat der lpb<br \/>\nLandeszentrale f\u00fcr politische Bildung Baden-W\u00fcrttemberg<a title=\"Opens external link in new window\" href=\"http:\/\/www.gedenkstaetten-bw.de\/\" target=\"_blank\" rel=\"noopener noreferrer\"><br \/>\nwww.gedenkstaetten-bw.de<\/a><\/p>\n<p class=\"bodytext\">LAGG Landesarbeitsgemeinschaft der Gedenkst\u00e4tten und Gedenkst\u00e4tteninitiativen Baden-W\u00fcrttemberg<a title=\"Opens external link in new window\" href=\"http:\/\/www.gedenkstaetten-bw.de\/\" target=\"_blank\" rel=\"noopener noreferrer\"><br \/>\nwww.gedenkstaetten-bw.de<\/a><\/p>\n<p class=\"bodytext\">Lebendig vermittelte Schaupl\u00e4tze j\u00fcdisch-christlichen Zusammenlebens in der Schweiz.<br \/>\n<a class=\"external-link-new-window\" title=\"Opens external link in new window\" href=\"http:\/\/www.doppeltuer.ch\/\" target=\"_blank\" rel=\"noopener noreferrer\">http:\/\/www.doppeltuer.ch\/<\/a><\/p>\n<\/div><\/div><\/div><div class=\"fusion-clearfix\"><\/div><\/div><\/div><\/div><\/div>\n","protected":false},"excerpt":{"rendered":"","protected":false},"author":1,"featured_media":0,"parent":0,"menu_order":0,"comment_status":"closed","ping_status":"closed","template":"100-width.php","meta":{"footnotes":""},"class_list":["post-276","page","type-page","status-publish","hentry"],"_links":{"self":[{"href":"https:\/\/www.jm-gailingen.de\/index.php?rest_route=\/wp\/v2\/pages\/276","targetHints":{"allow":["GET"]}}],"collection":[{"href":"https:\/\/www.jm-gailingen.de\/index.php?rest_route=\/wp\/v2\/pages"}],"about":[{"href":"https:\/\/www.jm-gailingen.de\/index.php?rest_route=\/wp\/v2\/types\/page"}],"author":[{"embeddable":true,"href":"https:\/\/www.jm-gailingen.de\/index.php?rest_route=\/wp\/v2\/users\/1"}],"replies":[{"embeddable":true,"href":"https:\/\/www.jm-gailingen.de\/index.php?rest_route=%2Fwp%2Fv2%2Fcomments&post=276"}],"version-history":[{"count":10,"href":"https:\/\/www.jm-gailingen.de\/index.php?rest_route=\/wp\/v2\/pages\/276\/revisions"}],"predecessor-version":[{"id":2171,"href":"https:\/\/www.jm-gailingen.de\/index.php?rest_route=\/wp\/v2\/pages\/276\/revisions\/2171"}],"wp:attachment":[{"href":"https:\/\/www.jm-gailingen.de\/index.php?rest_route=%2Fwp%2Fv2%2Fmedia&parent=276"}],"curies":[{"name":"wp","href":"https:\/\/api.w.org\/{rel}","templated":true}]}}